{"id":3567,"date":"2015-03-04T10:24:30","date_gmt":"2015-03-04T09:24:30","guid":{"rendered":"http:\/\/www.siloah-isny.de\/?page_id=3567"},"modified":"2023-08-28T10:41:05","modified_gmt":"2023-08-28T08:41:05","slug":"home","status":"publish","type":"page","link":"https:\/\/www.siloah-isny.de\/","title":{"rendered":"Startseite"},"content":{"rendered":"<section class=\"l-section wpb_row height_auto width_full\"><div class=\"l-section-h i-cf\"><div class=\"g-cols type_default valign_top\"><div class=\"vc_col-sm-12 wpb_column vc_column_container\"><div class=\"vc_column-inner\"><div class=\"wpb_wrapper\">[rev_slider_vc alias=&#8220;slider6&#8243;]<\/div><\/div><\/div><\/div><\/div><\/section><!-- Row Backgrounds --><div class=\"upb_color\" data-bg-override=\"0\" data-bg-color=\"#f4f4f4\" data-fadeout=\"\" data-fadeout-percentage=\"30\" data-parallax-content=\"\" data-parallax-content-sense=\"30\" data-row-effect-mobile-disable=\"true\" data-img-parallax-mobile-disable=\"true\" data-rtl=\"false\"  data-custom-vc-row=\"\"  data-vc=\"5.1.1\"  data-theme-support=\"\"   data-overlay=\"false\" data-overlay-color=\"\" data-overlay-pattern=\"\" data-overlay-pattern-opacity=\"\" data-overlay-pattern-size=\"\"    ><\/div><section class=\"l-section wpb_row height_medium\"><div class=\"l-section-h i-cf\"><div class=\"g-cols type_default valign_top\"><div class=\"vc_col-sm-12 wpb_column vc_column_container\"><div class=\"vc_column-inner\"><div class=\"wpb_wrapper\"><div class=\"g-cols wpb_row type_default valign_top vc_inner  vc_custom_1431105135042\"><div class=\"vc_col-sm-4 wpb_column vc_column_container animate_afl\"><div class=\"vc_column-inner\"><div class=\"wpb_wrapper\"><div class=\"w-iconbox iconpos_top style_default color_primary sm-box-green\"><a class=\"w-iconbox-link\" href=\"\/projekte\/\"><div class=\"w-iconbox-icon\" style=\"font-size:0px;\"><\/div><h4 class=\"w-iconbox-title\">Die Stiftung<\/h4><\/a><div class=\"w-iconbox-text\">hei\u00dft offiziell Waisenhausstiftung Siloah Isny im Allg\u00e4u &#8211; kurz: Siloah Stiftung &#8211; und steht in der Tradition des 1910 in Neu-Pasua gegr\u00fcndeten Waisenhauses Siloah und dessen Gr\u00fcnders, dem Evangelischen Waisenhausverein Siloah e. V. Die Stiftung ist seit 24.06.2013 in dieser Form t\u00e4tig.<\/div><\/div><\/div><\/div><\/div><div class=\"vc_col-sm-4 wpb_column vc_column_container animate_afb\"><div class=\"vc_column-inner\"><div class=\"wpb_wrapper\"><div class=\"w-iconbox iconpos_top style_default color_primary sm-box-green\"><a class=\"w-iconbox-link\" href=\"\/mit-dabei\/\"><div class=\"w-iconbox-icon\" style=\"font-size:0px;\"><\/div><h4 class=\"w-iconbox-title\">Der Teich von Siloah<\/h4><\/a><div class=\"w-iconbox-text\">befindet sich in Jerusalem und wurde mit dem Wasser der Gihonquelle gef\u00fcllt, um die Wasserversorgung der Stadt sicher zu stellen.<br \/>\n\u201e\u2026 Und wie der Teich Siloah in Jerusalem \u2026 lebendiges Quellwasser spendet, so soll auch dieses Haus \u201eSiloah\u201c seinen Bewohnern und Sch\u00fctzlingen ein lebendiger Quell sein\u2026\u201c<br \/>\n<small>Auszug aus der Rede von Bischof Franz Hein zur Einweihung des neu renovierten Waisenhausgeb\u00e4udes in Eglofstal am 1. Mai 1953<\/small><\/div><\/div><\/div><\/div><\/div><div class=\"vc_col-sm-4 wpb_column vc_column_container animate_afr\"><div class=\"vc_column-inner\"><div class=\"wpb_wrapper\"><div class=\"w-iconbox iconpos_top style_default color_primary sm-box-green\"><a class=\"w-iconbox-link\" href=\"\/projekte\/\"><div class=\"w-iconbox-icon\" style=\"font-size:0px;\"><\/div><h4 class=\"w-iconbox-title\">Unser Auftrag<\/h4><\/a><div class=\"w-iconbox-text\">besteht in der F\u00f6rderung von Projekten und Ideen anerkannter, gemeinn\u00fctziger Organisationen sowie Unternehmen und Institutionen, die dazu beitragen, das Entwicklungspotential von Kindern, Jugendlichen oder Familien zur Entfaltung zu bringen &#8211; und dadurch deren Lebensqualit\u00e4t nachhaltig zu verbessern. <\/div><\/div><\/div><\/div><\/div><\/div><div class=\"g-cols wpb_row type_default valign_top vc_inner \"><div class=\"vc_col-sm-8 wpb_column vc_column_container\"><div class=\"vc_column-inner\"><div class=\"wpb_wrapper\">\r\n\t<div class=\"wpb_text_column \">\r\n\t\t<div class=\"wpb_wrapper\">\r\n\t\t\t<h5>Herzlich willkommen!<\/h5>\n<p>Die Siloah Stiftung hat es sich zur Aufgabe gemacht,\u00a0mit vielf\u00e4ltigen Projekten die Welt von Kindern, Jugendlichen und Familien ein St\u00fcckchen besser zu machen. Oft sind es\u00a0scheinbar kleine Aktivit\u00e4ten, die im Leben Einzelner gro\u00dfe Wirkung zeigen. Verschaffen Sie sich einen \u00dcberblick \u00fcber\u00a0unsere <a href=\"https:\/\/www.siloah-isny.de\/die-stiftung\/daten-und-fakten\/\">Geschichte<\/a>, den <a href=\"https:\/\/www.siloah-isny.de\/die-stiftung\/stiftungszweck\/\">Stiftungszweck<\/a>\u00a0und bisherige <a href=\"https:\/\/www.siloah-isny.de\/projekte\/\">Projekte<\/a>.\u00a0Hier finden Sie die Antwort auf\u00a0die Frage, ob wir vielleicht auch f\u00fcr Sie\u00a0der richtige Partner sein k\u00f6nnten.<\/p>\n<p>Dabei spielt es keine Rolle, ob Sie sich bereits in einem sozialen Projekt engagieren, dem es an finanziellen Mitteln mangelt, oder ob Sie eine neue, gute Idee haben, f\u00fcr die Sie eine Anschubfinanzierung ben\u00f6tigen. Unser Angebot richtet sich an gemeinn\u00fctzige Organisation, Unternehmen und Privatpersonen gleicherma\u00dfen. Wie auch immer Ihre Ausgangssituation aussieht, lassen Sie uns dar\u00fcber reden.<\/p>\n<p>Wir freuen uns darauf, Sie und Ihr Projekt kennenzulernen!<\/p>\n<p>Ihre Waisenhausstiftung Siloah<br \/>\nIsny im Allg\u00e4u<\/p>\n<p><a href=\"https:\/\/www.siloah-isny.de\/kontakt\/\">Zum Kontaktformular<\/a><\/p>\n\r\n\t\t<\/div>\r\n\t<\/div>\r\n<\/div><\/div><\/div><div class=\"vc_col-sm-4 wpb_column vc_column_container\"><div class=\"vc_column-inner\"><div class=\"wpb_wrapper\"><div class=\"w-slider style_none\"><div class=\"w-slider-h\"><div class=\"royalSlider\"><div class=\"rsContent\"><a class=\"rsImg\" data-rsw=\"1024\" data-rsh=\"682\" href=\"https:\/\/www.siloah-isny.de\/wp-content\/uploads\/2015\/03\/Fotolia_1484094_M-1024x682.jpg\"><\/a><\/div><div class=\"rsContent\"><a class=\"rsImg\" data-rsw=\"847\" data-rsh=\"567\" href=\"https:\/\/www.siloah-isny.de\/wp-content\/uploads\/2015\/03\/Fotolia_3664158_S.jpg\"><\/a><\/div><div class=\"rsContent\"><a class=\"rsImg\" data-rsw=\"850\" data-rsh=\"565\" href=\"https:\/\/www.siloah-isny.de\/wp-content\/uploads\/2015\/03\/Fotolia_3154398_S.jpg\"><\/a><\/div><div class=\"rsContent\"><a class=\"rsImg\" data-rsw=\"849\" data-rsh=\"566\" href=\"https:\/\/www.siloah-isny.de\/wp-content\/uploads\/2015\/03\/Fotolia_6980133_S.jpg\"><\/a><\/div><\/div><img src=\"https:\/\/www.siloah-isny.de\/wp-content\/uploads\/2015\/03\/Fotolia_1484094_M-1024x682.jpg\" alt=\"\"><\/div><div class=\"w-slider-json\" onclick='return {&quot;transitionSpeed&quot;:300,&quot;loopRewind&quot;:true,&quot;slidesSpacing&quot;:0,&quot;imageScalePadding&quot;:0,&quot;numImagesToPreload&quot;:2,&quot;arrowsNav&quot;:true,&quot;arrowsNavAutoHide&quot;:false,&quot;transitionType&quot;:&quot;move&quot;,&quot;block&quot;:{&quot;moveEffect&quot;:&quot;none&quot;,&quot;speed&quot;:300},&quot;controlNavigation&quot;:&quot;none&quot;,&quot;imageScaleMode&quot;:&quot;fit-if-smaller&quot;,&quot;autoScaleSlider&quot;:true,&quot;autoScaleSliderWidth&quot;:1024,&quot;autoScaleSliderHeight&quot;:682,&quot;fitInViewport&quot;:false}'><\/div><\/div><\/div><\/div><\/div><\/div><div class=\"g-cols wpb_row type_default valign_top vc_inner  vc_custom_1434106776929\"><div class=\"vc_col-sm-12 wpb_column vc_column_container\"><div class=\"vc_column-inner\"><div class=\"wpb_wrapper\"><div class=\"w-actionbox color_light controls_right\"><div class=\"w-actionbox-text\"><h2 style=\"font-size:h3\"><strong>\u201eIhre Ideen m\u00f6chten wir haben \u2026\u201c<\/strong><\/h2><p>&#8230; damit wir gemeinsam zu Gunsten von Kindern, Jugendlichen und Familien an den Schnittstellen von Leistungssystemen wirken und Barrieren \u00fcberwinden k\u00f6nnen.<\/p>\n<p><strong> Ihre Projekte und Ideen sind gefragt! Lassen Sie uns gemeinsam dort ansetzen, wo Strukturen verkrustet sind, die Gesellschaft \u00fcberfordert oder die Verwaltung kompliziert ist. Mit innovativen Projekten k\u00f6nnen wir auf unb\u00fcrokratischem Wege konkrete, praktische Hilfe leisten und gezielt dort eingreifen, wo Unterst\u00fctzung und Engagement f\u00fcr Menschen einen Unterschied machen.<\/strong> <\/p><\/div><div class=\"w-actionbox-controls\"><a class=\"w-btn color_green style_outlined icon_atleft\" href=\"\/kontakt\/\"><i class=\"fa fa-bars\"><\/i><span class=\"w-btn-label\">Schreiben Sie uns<\/span><\/a><\/div><\/div><\/div><\/div><\/div><\/div><div class=\"g-cols wpb_row type_default valign_top vc_inner  vc_custom_1431103691609\"><div class=\"vc_col-sm-12 wpb_column vc_column_container\"><div class=\"vc_column-inner\"><div class=\"wpb_wrapper\">\r\n\t<div class=\"wpb_text_column \">\r\n\t\t<div class=\"wpb_wrapper\">\r\n\t\t\t<p><strong>Beispiele unserer Projektf\u00f6rderung<\/strong><\/p>\n\r\n\t\t<\/div>\r\n\t<\/div>\r\n\r\n\t<div class=\"wpb_text_column \">\r\n\t\t<div class=\"wpb_wrapper\">\r\n\t\t\t<p>Aus den Mitteln der Waisenhausstiftung Siloah Isny im Allg\u00e4u haben wir bereits viele verschiedene Aktivit\u00e4ten finanziell unterst\u00fctzt.<\/p>\n\r\n\t\t<\/div>\r\n\t<\/div>\r\n\t<div class=\"w-portfolio type_grid style_2 cols_4 align_right ratio_4x3 with_indents with_isotope\">\t<div class=\"w-portfolio-list\"><div class=\"w-portfolio-item siloah size_1x1\" data-id=\"4621\" data-categories=\"siloah\">\r\n\t<a class=\"w-portfolio-item-anchor\" href=\"https:\/\/www.siloah-isny.de\/projektfoerderung\/wichtige-arbeit-des-psnv-kinder-krisenteams-erhaelt-finanzielle-unterstuetzung\/\" style=\"background-color: #7cb55e;color: #ffffff;\">\r\n\t\t<div class=\"w-portfolio-item-image\" style=\"background-image: url(https:\/\/www.siloah-isny.de\/wp-content\/uploads\/2024\/05\/DRKRV_Siloah-Spende-fuer-PSNV-Kinder-600x450.jpg)\">\r\n\t\t\t<img src=\"https:\/\/www.siloah-isny.de\/wp-content\/uploads\/2024\/05\/DRKRV_Siloah-Spende-fuer-PSNV-Kinder-600x450.jpg\" width=\"600\" height=\"450\" alt=\"Trauerb\u00fccher f\u00fcr den Kinder-Krisendienst\" \/>\t\t<\/div>\r\n\t\t\t\t\t\t\t<div class=\"w-portfolio-item-meta\">\r\n\t\t\t\t<div class=\"w-portfolio-item-meta-h\">\r\n\t\t\t\t\t<h2 class=\"w-portfolio-item-title\">Trauerb\u00fccher f\u00fcr den Kinder-Krisendienst<\/h2>\t\t\t\t\t<span class=\"w-portfolio-item-arrow\"><\/span>\r\n\t\t\t\t<\/div>\r\n\t\t\t<\/div>\r\n\t\t\t<\/a>\r\n<\/div>\r\n<div class=\"w-portfolio-item siloah size_1x1\" data-id=\"5393\" data-categories=\"siloah\">\r\n\t<a class=\"w-portfolio-item-anchor\" href=\"https:\/\/www.siloah-isny.de\/projektfoerderung\/alles-steht-kopf\/\">\r\n\t\t<div class=\"w-portfolio-item-image\" style=\"background-image: url(https:\/\/www.siloah-isny.de\/wp-content\/uploads\/2017\/06\/Alles-steht-Kopf_Logo-600x426.png)\">\r\n\t\t\t<img src=\"https:\/\/www.siloah-isny.de\/wp-content\/uploads\/2017\/06\/Alles-steht-Kopf_Logo-600x426.png\" width=\"600\" height=\"426\" alt=\"&#8222;Alles steht Kopf&#8220;\" \/>\t\t<\/div>\r\n\t\t<div class=\"w-portfolio-item-image second\" style=\"background-image: url(https:\/\/www.siloah-isny.de\/wp-content\/uploads\/2017\/06\/Alles-steht-Kopf_Logo-600x426.png)\"><img src=\"https:\/\/www.siloah-isny.de\/wp-content\/uploads\/2017\/06\/Alles-steht-Kopf_Logo-600x426.png\" width=\"600\" height=\"426\" alt=\"&#8222;Alles steht Kopf&#8220;\" \/><\/div>\t\t\t\t\t<div class=\"w-portfolio-item-meta\">\r\n\t\t\t\t<div class=\"w-portfolio-item-meta-h\">\r\n\t\t\t\t\t<h2 class=\"w-portfolio-item-title\">&#8222;Alles steht Kopf&#8220;<\/h2>\t\t\t\t\t<span class=\"w-portfolio-item-arrow\"><\/span>\r\n\t\t\t\t<\/div>\r\n\t\t\t<\/div>\r\n\t\t\t<\/a>\r\n<\/div>\r\n<div class=\"w-portfolio-item siloah size_1x1\" data-id=\"5093\" data-categories=\"siloah\">\r\n\t<a class=\"w-portfolio-item-anchor\" href=\"https:\/\/www.siloah-isny.de\/projektfoerderung\/das-kopf-herz-hand-buch\/\">\r\n\t\t<div class=\"w-portfolio-item-image\" style=\"background-image: url(https:\/\/www.siloah-isny.de\/wp-content\/uploads\/2018\/02\/das-kopf-herz-hand-buch-600x480.jpg)\">\r\n\t\t\t<img src=\"https:\/\/www.siloah-isny.de\/wp-content\/uploads\/2018\/02\/das-kopf-herz-hand-buch-600x480.jpg\" width=\"600\" height=\"480\" alt=\"Das Kopf Herz Hand Buch\" \/>\t\t<\/div>\r\n\t\t\t\t\t\t\t<div class=\"w-portfolio-item-meta\">\r\n\t\t\t\t<div class=\"w-portfolio-item-meta-h\">\r\n\t\t\t\t\t<h2 class=\"w-portfolio-item-title\">Das Kopf Herz Hand Buch<\/h2>\t\t\t\t\t<span class=\"w-portfolio-item-arrow\"><\/span>\r\n\t\t\t\t<\/div>\r\n\t\t\t<\/div>\r\n\t\t\t<\/a>\r\n<\/div>\r\n<div class=\"w-portfolio-item siloah size_1x1\" data-id=\"5089\" data-categories=\"siloah\">\r\n\t<a class=\"w-portfolio-item-anchor\" href=\"https:\/\/www.siloah-isny.de\/projektfoerderung\/weichenstellung-fuer-viertklaessler\/\">\r\n\t\t<div class=\"w-portfolio-item-image\" style=\"background-image: url(https:\/\/www.siloah-isny.de\/wp-content\/uploads\/2017\/11\/weichenstellung-600x396.jpg)\">\r\n\t\t\t<img src=\"https:\/\/www.siloah-isny.de\/wp-content\/uploads\/2017\/11\/weichenstellung-600x396.jpg\" width=\"600\" height=\"396\" alt=\"WEICHENSTELLUNG f\u00fcr Viertkl\u00e4ssler\" \/>\t\t<\/div>\r\n\t\t<div class=\"w-portfolio-item-image second\" style=\"background-image: url(https:\/\/www.siloah-isny.de\/wp-content\/uploads\/2017\/11\/weichenstellung-600x396.jpg)\"><img src=\"https:\/\/www.siloah-isny.de\/wp-content\/uploads\/2017\/11\/weichenstellung-600x396.jpg\" width=\"600\" height=\"396\" alt=\"WEICHENSTELLUNG f\u00fcr Viertkl\u00e4ssler\" \/><\/div>\t\t\t\t\t<div class=\"w-portfolio-item-meta\">\r\n\t\t\t\t<div class=\"w-portfolio-item-meta-h\">\r\n\t\t\t\t\t<h2 class=\"w-portfolio-item-title\">WEICHENSTELLUNG f\u00fcr Viertkl\u00e4ssler<\/h2>\t\t\t\t\t<span class=\"w-portfolio-item-arrow\"><\/span>\r\n\t\t\t\t<\/div>\r\n\t\t\t<\/div>\r\n\t\t\t<\/a>\r\n<\/div>\r\n<\/div><div class=\"w-portfolio-json hidden\" onclick='return {&quot;ajax_url&quot;:&quot;https:\\\/\\\/www.siloah-isny.de\\\/wp-admin\\\/admin-ajax.php&quot;,&quot;template_vars&quot;:{&quot;ratio&quot;:&quot;4x3&quot;,&quot;metas&quot;:[&quot;title&quot;],&quot;is_widget&quot;:false,&quot;title_size&quot;:&quot;&quot;,&quot;meta_size&quot;:&quot;&quot;,&quot;text_color&quot;:&quot;&quot;,&quot;bg_color&quot;:&quot;&quot;,&quot;img_size&quot;:&quot;us_img_size_1&quot;,&quot;items_action&quot;:&quot;default&quot;},&quot;perpage&quot;:4,&quot;page&quot;:1,&quot;order&quot;:{&quot;*&quot;:[4621,5393,5093,5089,5055,4772,4755,4734,4648,4636,4529,4003,4001,3999,3997,3994,3991,3989,3987,3983]},&quot;sizes&quot;:[],&quot;infinite_scroll&quot;:0}'><\/div>\t\t<div class=\"g-loadmore\">\r\n\t\t\t<div class=\"g-loadmore-btn\">\r\n\t\t\t\t<span>Lade mehr<\/span>\r\n\t\t\t<\/div>\r\n\t\t\t<div class=\"g-preloader type_1\"><\/div>\r\n\t\t<\/div><\/div><\/div><\/div><\/div><\/div><\/div><\/div><\/div><\/div><\/div><\/section>\n","protected":false},"excerpt":{"rendered":"WEICHENSTELLUNG f\u00fcr Viertkl\u00e4ssler WEICHENSTELLUNG f\u00fcr Viertkl\u00e4ssler unterst\u00fctzt Sch\u00fclerInnen beim \u00dcbergang von der Grundschule in einen gymnasialen Bildungsweg. Dieser \u00dcbergang stellt f\u00fcr viele Kinder eine der ersten lebenspr\u00e4genden H\u00fcrden dar: Ob der Weg zum Abitur f\u00fchrt, ist nicht allein eine Frage...","protected":false},"author":4,"featured_media":0,"parent":0,"menu_order":1,"comment_status":"closed","ping_status":"closed","template":"","meta":[],"_links":{"self":[{"href":"https:\/\/www.siloah-isny.de\/wp-json\/wp\/v2\/pages\/3567"}],"collection":[{"href":"https:\/\/www.siloah-isny.de\/wp-json\/wp\/v2\/pages"}],"about":[{"href":"https:\/\/www.siloah-isny.de\/wp-json\/wp\/v2\/types\/page"}],"author":[{"embeddable":true,"href":"https:\/\/www.siloah-isny.de\/wp-json\/wp\/v2\/users\/4"}],"replies":[{"embeddable":true,"href":"https:\/\/www.siloah-isny.de\/wp-json\/wp\/v2\/comments?post=3567"}],"version-history":[{"count":10,"href":"https:\/\/www.siloah-isny.de\/wp-json\/wp\/v2\/pages\/3567\/revisions"}],"predecessor-version":[{"id":5380,"href":"https:\/\/www.siloah-isny.de\/wp-json\/wp\/v2\/pages\/3567\/revisions\/5380"}],"wp:attachment":[{"href":"https:\/\/www.siloah-isny.de\/wp-json\/wp\/v2\/media?parent=3567"}],"curies":[{"name":"wp","href":"https:\/\/api.w.org\/{rel}","templated":true}]}}